{"id":16,"date":"2014-03-21T18:02:03","date_gmt":"2014-03-21T18:02:03","guid":{"rendered":"http:\/\/artstudiovtopal.com\/?page_id=16"},"modified":"2016-08-05T22:06:41","modified_gmt":"2016-08-05T22:06:41","slug":"future","status":"publish","type":"page","link":"https:\/\/artstudiovtopal.com\/?page_id=16","title":{"rendered":"Future events"},"content":{"rendered":"<p><img loading=\"lazy\" decoding=\"async\" width=\"791\" height=\"1024\" class=\"alignnone size-full wp-image-1007\" alt=\"landscapeportrait-info\" src=\"http:\/\/artstudiovtopal.com\/wp-content\/uploads\/2016\/08\/landscapeportrait-info.jpg\" srcset=\"https:\/\/artstudiovtopal.com\/wp-content\/uploads\/2016\/08\/landscapeportrait-info.jpg 791w, https:\/\/artstudiovtopal.com\/wp-content\/uploads\/2016\/08\/landscapeportrait-info-231x300.jpg 231w, https:\/\/artstudiovtopal.com\/wp-content\/uploads\/2016\/08\/landscapeportrait-info-324x420.jpg 324w, https:\/\/artstudiovtopal.com\/wp-content\/uploads\/2016\/08\/landscapeportrait-info-695x900.jpg 695w\" sizes=\"auto, (max-width: 791px) 100vw, 791px\" \/><\/p>\n<p>&nbsp;<\/p>\n<p>&nbsp;<\/p>\n<p>&nbsp;<\/p>\n<p>&nbsp;<\/p>\n<p><img loading=\"lazy\" decoding=\"async\" width=\"3883\" height=\"4923\" class=\"alignnone size-full wp-image-1004\" alt=\"Art in the Park-HR\" src=\"http:\/\/artstudiovtopal.com\/wp-content\/uploads\/2016\/07\/Art-in-the-Park-HR.jpg\" srcset=\"https:\/\/artstudiovtopal.com\/wp-content\/uploads\/2016\/07\/Art-in-the-Park-HR.jpg 3883w, https:\/\/artstudiovtopal.com\/wp-content\/uploads\/2016\/07\/Art-in-the-Park-HR-236x300.jpg 236w, https:\/\/artstudiovtopal.com\/wp-content\/uploads\/2016\/07\/Art-in-the-Park-HR-807x1024.jpg 807w, https:\/\/artstudiovtopal.com\/wp-content\/uploads\/2016\/07\/Art-in-the-Park-HR-331x420.jpg 331w, https:\/\/artstudiovtopal.com\/wp-content\/uploads\/2016\/07\/Art-in-the-Park-HR-709x900.jpg 709w\" sizes=\"auto, (max-width: 3883px) 100vw, 3883px\" \/><\/p>\n<p>&nbsp;<\/p>\n<p><img loading=\"lazy\" decoding=\"async\" width=\"2700\" height=\"1800\" class=\"alignnone size-full wp-image-1000\" alt=\"Invitation cart summer 2\" src=\"http:\/\/artstudiovtopal.com\/wp-content\/uploads\/2016\/06\/Invitation-cart-summer-2.jpg\" srcset=\"https:\/\/artstudiovtopal.com\/wp-content\/uploads\/2016\/06\/Invitation-cart-summer-2.jpg 2700w, https:\/\/artstudiovtopal.com\/wp-content\/uploads\/2016\/06\/Invitation-cart-summer-2-300x200.jpg 300w, https:\/\/artstudiovtopal.com\/wp-content\/uploads\/2016\/06\/Invitation-cart-summer-2-1024x682.jpg 1024w, https:\/\/artstudiovtopal.com\/wp-content\/uploads\/2016\/06\/Invitation-cart-summer-2-900x600.jpg 900w, https:\/\/artstudiovtopal.com\/wp-content\/uploads\/2016\/06\/Invitation-cart-summer-2-420x280.jpg 420w\" sizes=\"auto, (max-width: 2700px) 100vw, 2700px\" \/><\/p>\n<p>&nbsp;<\/p>\n<p>&nbsp;<\/p>\n<p><img loading=\"lazy\" decoding=\"async\" width=\"900\" height=\"1350\" class=\"alignnone size-full wp-image-996\" alt=\"St.-Brigid's-Centre-for-Arts-Poster-for-Web\" src=\"http:\/\/artstudiovtopal.com\/wp-content\/uploads\/2016\/05\/St.-Brigids-Centre-for-Arts-Poster-for-Web.jpg\" srcset=\"https:\/\/artstudiovtopal.com\/wp-content\/uploads\/2016\/05\/St.-Brigids-Centre-for-Arts-Poster-for-Web.jpg 900w, https:\/\/artstudiovtopal.com\/wp-content\/uploads\/2016\/05\/St.-Brigids-Centre-for-Arts-Poster-for-Web-200x300.jpg 200w, https:\/\/artstudiovtopal.com\/wp-content\/uploads\/2016\/05\/St.-Brigids-Centre-for-Arts-Poster-for-Web-682x1024.jpg 682w, https:\/\/artstudiovtopal.com\/wp-content\/uploads\/2016\/05\/St.-Brigids-Centre-for-Arts-Poster-for-Web-280x420.jpg 280w, https:\/\/artstudiovtopal.com\/wp-content\/uploads\/2016\/05\/St.-Brigids-Centre-for-Arts-Poster-for-Web-600x900.jpg 600w\" sizes=\"auto, (max-width: 900px) 100vw, 900px\" \/><\/p>\n<p>&nbsp;<\/p>\n<p><img loading=\"lazy\" decoding=\"async\" width=\"900\" height=\"600\" class=\"alignnone size-full wp-image-991\" alt=\"Invitation-cart-for-website\" src=\"http:\/\/artstudiovtopal.com\/wp-content\/uploads\/2016\/04\/Invitation-cart-for-website.jpg\" srcset=\"https:\/\/artstudiovtopal.com\/wp-content\/uploads\/2016\/04\/Invitation-cart-for-website.jpg 900w, https:\/\/artstudiovtopal.com\/wp-content\/uploads\/2016\/04\/Invitation-cart-for-website-300x200.jpg 300w, https:\/\/artstudiovtopal.com\/wp-content\/uploads\/2016\/04\/Invitation-cart-for-website-420x280.jpg 420w\" sizes=\"auto, (max-width: 900px) 100vw, 900px\" \/><\/p>\n<p>&nbsp;<\/p>\n<div class=\"organic-column one-half\">\n<img decoding=\"async\" class=\"alignnone size-full wp-image-833\" alt=\"Montgomery's Inn Museum\" src=\"http:\/\/artstudiovtopal.com\/wp-content\/uploads\/2016\/03\/Poster-Montgomerys-Inn.jpg\" \/><br \/>\n<\/div>\n<div class=\"organic-column one-half last\">\n<p><img decoding=\"async\" class=\"alignnone size-full wp-image-833\" alt=\"Montgomery's Inn Museum\" src=\"http:\/\/artstudiovtopal.com\/wp-content\/uploads\/2016\/03\/Statement.jpg\" \/><br \/>\n<\/div><div class=\"clearboth\"><\/div>\n<div class=\"organic-column one-half\"><\/div>\n<p><img loading=\"lazy\" decoding=\"async\" width=\"1212\" height=\"1874\" class=\"alignnone size-full wp-image-833\" alt=\"KUMF Gallery\" src=\"http:\/\/artstudiovtopal.com\/wp-content\/uploads\/2015\/04\/KUMF-Gallery.jpg\" srcset=\"https:\/\/artstudiovtopal.com\/wp-content\/uploads\/2015\/04\/KUMF-Gallery.jpg 1212w, https:\/\/artstudiovtopal.com\/wp-content\/uploads\/2015\/04\/KUMF-Gallery-194x300.jpg 194w, https:\/\/artstudiovtopal.com\/wp-content\/uploads\/2015\/04\/KUMF-Gallery-662x1024.jpg 662w, https:\/\/artstudiovtopal.com\/wp-content\/uploads\/2015\/04\/KUMF-Gallery-271x420.jpg 271w, https:\/\/artstudiovtopal.com\/wp-content\/uploads\/2015\/04\/KUMF-Gallery-582x900.jpg 582w\" sizes=\"auto, (max-width: 1212px) 100vw, 1212px\" \/><\/p>\n<p><img loading=\"lazy\" decoding=\"async\" width=\"788\" height=\"1088\" class=\"alignnone size-full wp-image-830\" alt=\"Mavi Art Group07\" src=\"http:\/\/artstudiovtopal.com\/wp-content\/uploads\/2015\/04\/Mavi-Art-Group07.jpg\" srcset=\"https:\/\/artstudiovtopal.com\/wp-content\/uploads\/2015\/04\/Mavi-Art-Group07.jpg 788w, https:\/\/artstudiovtopal.com\/wp-content\/uploads\/2015\/04\/Mavi-Art-Group07-217x300.jpg 217w, https:\/\/artstudiovtopal.com\/wp-content\/uploads\/2015\/04\/Mavi-Art-Group07-741x1024.jpg 741w, https:\/\/artstudiovtopal.com\/wp-content\/uploads\/2015\/04\/Mavi-Art-Group07-304x420.jpg 304w, https:\/\/artstudiovtopal.com\/wp-content\/uploads\/2015\/04\/Mavi-Art-Group07-651x900.jpg 651w\" sizes=\"auto, (max-width: 788px) 100vw, 788px\" \/><\/p>\n<p><img loading=\"lazy\" decoding=\"async\" width=\"664\" height=\"960\" class=\"alignnone size-full wp-image-827\" alt=\"Valentine Group Show\" src=\"http:\/\/artstudiovtopal.com\/wp-content\/uploads\/2015\/02\/Valentine-Group-Show.jpg\" srcset=\"https:\/\/artstudiovtopal.com\/wp-content\/uploads\/2015\/02\/Valentine-Group-Show.jpg 664w, https:\/\/artstudiovtopal.com\/wp-content\/uploads\/2015\/02\/Valentine-Group-Show-207x300.jpg 207w, https:\/\/artstudiovtopal.com\/wp-content\/uploads\/2015\/02\/Valentine-Group-Show-290x420.jpg 290w, https:\/\/artstudiovtopal.com\/wp-content\/uploads\/2015\/02\/Valentine-Group-Show-622x900.jpg 622w\" sizes=\"auto, (max-width: 664px) 100vw, 664px\" \/><\/p>\n<h2><span style=\"color: #ff6600;\">Gallery Hittite\u2019s<\/span><\/h2>\n<h3><span style=\"color: #ff0000;\">&#8220;Christmas Group Exhibition&#8221;<\/span><\/h3>\n<h4>Opening reception at November 28, \u00a06:00 &#8211; 8:00 pm.<br \/>\nThe exhibition will run until December 20, 2014 with gallery hours Wed \u2013 Sat, 12 &#8211; 6 pm.<\/h4>\n<div><\/div>\n<div dir=\"ltr\">\n<div>\n<div><b>Gallery Hittite<\/b><\/div>\n<p>107 Scollard St. Toronto\u00a0 M5R 1G4<\/p>\n<p><a target=\"_blank\">Tel: 416. 924. 4450<\/a><\/p>\n<\/div>\n<div>Wednesday &#8211; Saturday ( 12 &#8211; 6 PM )<\/div>\n<div>Facebook: Gallery Hittite Toronto<\/div>\n<div><\/div>\n<div><\/div>\n<div><\/div>\n<div><\/div>\n<\/div>\n<h2><span style=\"color: #000080;\">MSGS\u00dc<\/span><\/h2>\n<h3><span style=\"color: #ff0000;\">Osman Hamdi Bey Salonu<\/span><\/h3>\n<h4 style=\"text-align: justify;\">Y\u00fcksek Lisans Eser Metni Resim Sergisi:<\/h4>\n<h4 style=\"text-align: justify;\"><strong>&#8220;20.yy. Resim Sanat\u0131nda Nat\u00fcrmort&#8217;un Kavramsal Kullan\u0131m\u0131&#8221;<\/strong><\/h4>\n<h4><strong>&#8220;Conceptualism in Still Life in the 20 th. Century Art&#8221;<\/strong><\/h4>\n<div><\/div>\n<div><span style=\"color: #ff0000;\">September 16 &#8211; 19, 2014<\/span><\/div>\n<div>http:\/\/www.msgsu.edu.tr\/<\/div>\n<div><\/div>\n<div><\/div>\n<p>&nbsp;<\/p>\n<div><\/div>\n<div><span style=\"font-size: large;\"><span style=\"color: #993300; font-size: xx-large;\">Gallery Hittite\u2019s <\/span><\/span><\/div>\n<div><\/div>\n<div><span style=\"font-size: large;\"><span style=\"color: #ff9900;\">&#8220;Summer Suns&#8221;<\/span><\/span><\/div>\n<div><span style=\"font-size: large;\">\u00a0 Group Show!<br \/>\n<\/span><\/div>\n<div><span style=\"font-size: large;\">Thursday, July 17, from 7-9 pm.<br \/>\nThe exhibition will run until August 7, 2014 with gallery hours Wed \u2013 Sat, 12-6 pm.<\/span><\/div>\n<div><\/div>\n<div dir=\"ltr\">\n<div>\n<div><b>Gallery Hittite<\/b><\/div>\n<p>107 Scollard St. Toronto\u00a0 M5R 1G4<\/p>\n<p><a target=\"_blank\">Tel: 416. 924. 4450<\/a><\/p>\n<\/div>\n<div>Wednesday &#8211; Saturday ( 12 &#8211; 6 PM )<\/div>\n<div>Facebook: Gallery Hittite Toronto<\/div>\n<div><\/div>\n<\/div>\n","protected":false},"excerpt":{"rendered":"<p>&nbsp; &nbsp; &nbsp; &nbsp; &nbsp; &nbsp; &nbsp; &nbsp; &nbsp; Gallery Hittite\u2019s &#8220;Christmas Group Exhibition&#8221; Opening reception at November 28, \u00a06:00 &#8211; 8:00 pm. The exhibition will run until December 20, 2014 with gallery hours Wed \u2013 Sat, 12 &#8211; 6 pm. Gallery Hittite 107 Scollard St. Toronto\u00a0 M5R 1G4 Tel: 416. 924. 4450 Wednesday &#8211; [&hellip;]<\/p>\n","protected":false},"author":1,"featured_media":0,"parent":0,"menu_order":0,"comment_status":"open","ping_status":"open","template":"template-full.php","meta":{"footnotes":""},"class_list":["post-16","page","type-page","status-publish","hentry"],"yoast_head":"<!-- This site is optimized with the Yoast SEO plugin v24.9 - https:\/\/yoast.com\/wordpress\/plugins\/seo\/ -->\n<title>Future events - Art Studio V.Topal<\/title>\n<meta name=\"robots\" content=\"index, follow, max-snippet:-1, max-image-preview:large, max-video-preview:-1\" \/>\n<link rel=\"canonical\" href=\"https:\/\/artstudiovtopal.com\/?page_id=16\" \/>\n<meta property=\"og:locale\" content=\"en_US\" \/>\n<meta property=\"og:type\" content=\"article\" \/>\n<meta property=\"og:title\" content=\"Future events - Art Studio V.Topal\" \/>\n<meta property=\"og:description\" content=\"&nbsp; &nbsp; &nbsp; &nbsp; &nbsp; &nbsp; &nbsp; &nbsp; &nbsp; Gallery Hittite\u2019s &#8220;Christmas Group Exhibition&#8221; Opening reception at November 28, \u00a06:00 &#8211; 8:00 pm. The exhibition will run until December 20, 2014 with gallery hours Wed \u2013 Sat, 12 &#8211; 6 pm. Gallery Hittite 107 Scollard St. Toronto\u00a0 M5R 1G4 Tel: 416. 924. 4450 Wednesday &#8211; [&hellip;]\" \/>\n<meta property=\"og:url\" content=\"https:\/\/artstudiovtopal.com\/?page_id=16\" \/>\n<meta property=\"og:site_name\" content=\"Art Studio V.Topal\" \/>\n<meta property=\"article:modified_time\" content=\"2016-08-05T22:06:41+00:00\" \/>\n<meta property=\"og:image\" content=\"http:\/\/artstudiovtopal.com\/wp-content\/uploads\/2016\/08\/landscapeportrait-info.jpg\" \/>\n<meta name=\"twitter:card\" content=\"summary_large_image\" \/>\n<meta name=\"twitter:label1\" content=\"Est. reading time\" \/>\n\t<meta name=\"twitter:data1\" content=\"1 minute\" \/>\n<script type=\"application\/ld+json\" class=\"yoast-schema-graph\">{\"@context\":\"https:\/\/schema.org\",\"@graph\":[{\"@type\":\"WebPage\",\"@id\":\"https:\/\/artstudiovtopal.com\/?page_id=16\",\"url\":\"https:\/\/artstudiovtopal.com\/?page_id=16\",\"name\":\"Future events - Art Studio V.Topal\",\"isPartOf\":{\"@id\":\"https:\/\/artstudiovtopal.com\/#website\"},\"primaryImageOfPage\":{\"@id\":\"https:\/\/artstudiovtopal.com\/?page_id=16#primaryimage\"},\"image\":{\"@id\":\"https:\/\/artstudiovtopal.com\/?page_id=16#primaryimage\"},\"thumbnailUrl\":\"http:\/\/artstudiovtopal.com\/wp-content\/uploads\/2016\/08\/landscapeportrait-info.jpg\",\"datePublished\":\"2014-03-21T18:02:03+00:00\",\"dateModified\":\"2016-08-05T22:06:41+00:00\",\"breadcrumb\":{\"@id\":\"https:\/\/artstudiovtopal.com\/?page_id=16#breadcrumb\"},\"inLanguage\":\"en-US\",\"potentialAction\":[{\"@type\":\"ReadAction\",\"target\":[\"https:\/\/artstudiovtopal.com\/?page_id=16\"]}]},{\"@type\":\"ImageObject\",\"inLanguage\":\"en-US\",\"@id\":\"https:\/\/artstudiovtopal.com\/?page_id=16#primaryimage\",\"url\":\"https:\/\/artstudiovtopal.com\/wp-content\/uploads\/2016\/08\/landscapeportrait-info.jpg\",\"contentUrl\":\"https:\/\/artstudiovtopal.com\/wp-content\/uploads\/2016\/08\/landscapeportrait-info.jpg\",\"width\":791,\"height\":1024},{\"@type\":\"BreadcrumbList\",\"@id\":\"https:\/\/artstudiovtopal.com\/?page_id=16#breadcrumb\",\"itemListElement\":[{\"@type\":\"ListItem\",\"position\":1,\"name\":\"Home\",\"item\":\"https:\/\/artstudiovtopal.com\/\"},{\"@type\":\"ListItem\",\"position\":2,\"name\":\"Future events\"}]},{\"@type\":\"WebSite\",\"@id\":\"https:\/\/artstudiovtopal.com\/#website\",\"url\":\"https:\/\/artstudiovtopal.com\/\",\"name\":\"Art Studio V.Topal\",\"description\":\"\",\"potentialAction\":[{\"@type\":\"SearchAction\",\"target\":{\"@type\":\"EntryPoint\",\"urlTemplate\":\"https:\/\/artstudiovtopal.com\/?s={search_term_string}\"},\"query-input\":{\"@type\":\"PropertyValueSpecification\",\"valueRequired\":true,\"valueName\":\"search_term_string\"}}],\"inLanguage\":\"en-US\"}]}<\/script>\n<!-- \/ Yoast SEO plugin. -->","yoast_head_json":{"title":"Future events - Art Studio V.Topal","robots":{"index":"index","follow":"follow","max-snippet":"max-snippet:-1","max-image-preview":"max-image-preview:large","max-video-preview":"max-video-preview:-1"},"canonical":"https:\/\/artstudiovtopal.com\/?page_id=16","og_locale":"en_US","og_type":"article","og_title":"Future events - Art Studio V.Topal","og_description":"&nbsp; &nbsp; &nbsp; &nbsp; &nbsp; &nbsp; &nbsp; &nbsp; &nbsp; Gallery Hittite\u2019s &#8220;Christmas Group Exhibition&#8221; Opening reception at November 28, \u00a06:00 &#8211; 8:00 pm. The exhibition will run until December 20, 2014 with gallery hours Wed \u2013 Sat, 12 &#8211; 6 pm. Gallery Hittite 107 Scollard St. Toronto\u00a0 M5R 1G4 Tel: 416. 924. 4450 Wednesday &#8211; [&hellip;]","og_url":"https:\/\/artstudiovtopal.com\/?page_id=16","og_site_name":"Art Studio V.Topal","article_modified_time":"2016-08-05T22:06:41+00:00","og_image":[{"url":"http:\/\/artstudiovtopal.com\/wp-content\/uploads\/2016\/08\/landscapeportrait-info.jpg","type":"","width":"","height":""}],"twitter_card":"summary_large_image","twitter_misc":{"Est. reading time":"1 minute"},"schema":{"@context":"https:\/\/schema.org","@graph":[{"@type":"WebPage","@id":"https:\/\/artstudiovtopal.com\/?page_id=16","url":"https:\/\/artstudiovtopal.com\/?page_id=16","name":"Future events - Art Studio V.Topal","isPartOf":{"@id":"https:\/\/artstudiovtopal.com\/#website"},"primaryImageOfPage":{"@id":"https:\/\/artstudiovtopal.com\/?page_id=16#primaryimage"},"image":{"@id":"https:\/\/artstudiovtopal.com\/?page_id=16#primaryimage"},"thumbnailUrl":"http:\/\/artstudiovtopal.com\/wp-content\/uploads\/2016\/08\/landscapeportrait-info.jpg","datePublished":"2014-03-21T18:02:03+00:00","dateModified":"2016-08-05T22:06:41+00:00","breadcrumb":{"@id":"https:\/\/artstudiovtopal.com\/?page_id=16#breadcrumb"},"inLanguage":"en-US","potentialAction":[{"@type":"ReadAction","target":["https:\/\/artstudiovtopal.com\/?page_id=16"]}]},{"@type":"ImageObject","inLanguage":"en-US","@id":"https:\/\/artstudiovtopal.com\/?page_id=16#primaryimage","url":"https:\/\/artstudiovtopal.com\/wp-content\/uploads\/2016\/08\/landscapeportrait-info.jpg","contentUrl":"https:\/\/artstudiovtopal.com\/wp-content\/uploads\/2016\/08\/landscapeportrait-info.jpg","width":791,"height":1024},{"@type":"BreadcrumbList","@id":"https:\/\/artstudiovtopal.com\/?page_id=16#breadcrumb","itemListElement":[{"@type":"ListItem","position":1,"name":"Home","item":"https:\/\/artstudiovtopal.com\/"},{"@type":"ListItem","position":2,"name":"Future events"}]},{"@type":"WebSite","@id":"https:\/\/artstudiovtopal.com\/#website","url":"https:\/\/artstudiovtopal.com\/","name":"Art Studio V.Topal","description":"","potentialAction":[{"@type":"SearchAction","target":{"@type":"EntryPoint","urlTemplate":"https:\/\/artstudiovtopal.com\/?s={search_term_string}"},"query-input":{"@type":"PropertyValueSpecification","valueRequired":true,"valueName":"search_term_string"}}],"inLanguage":"en-US"}]}},"_links":{"self":[{"href":"https:\/\/artstudiovtopal.com\/index.php?rest_route=\/wp\/v2\/pages\/16","targetHints":{"allow":["GET"]}}],"collection":[{"href":"https:\/\/artstudiovtopal.com\/index.php?rest_route=\/wp\/v2\/pages"}],"about":[{"href":"https:\/\/artstudiovtopal.com\/index.php?rest_route=\/wp\/v2\/types\/page"}],"author":[{"embeddable":true,"href":"https:\/\/artstudiovtopal.com\/index.php?rest_route=\/wp\/v2\/users\/1"}],"replies":[{"embeddable":true,"href":"https:\/\/artstudiovtopal.com\/index.php?rest_route=%2Fwp%2Fv2%2Fcomments&post=16"}],"version-history":[{"count":36,"href":"https:\/\/artstudiovtopal.com\/index.php?rest_route=\/wp\/v2\/pages\/16\/revisions"}],"predecessor-version":[{"id":1009,"href":"https:\/\/artstudiovtopal.com\/index.php?rest_route=\/wp\/v2\/pages\/16\/revisions\/1009"}],"wp:attachment":[{"href":"https:\/\/artstudiovtopal.com\/index.php?rest_route=%2Fwp%2Fv2%2Fmedia&parent=16"}],"curies":[{"name":"wp","href":"https:\/\/api.w.org\/{rel}","templated":true}]}}